{"id":343,"date":"2022-01-06T11:56:41","date_gmt":"2022-01-06T11:56:41","guid":{"rendered":"https:\/\/felixmark.de\/?page_id=343"},"modified":"2022-08-04T12:38:35","modified_gmt":"2022-08-04T12:38:35","slug":"imprint","status":"publish","type":"page","link":"https:\/\/felixmark.de\/de\/imprint\/","title":{"rendered":"Impressum"},"content":{"rendered":"<div data-elementor-type=\"wp-page\" data-elementor-id=\"343\" class=\"elementor elementor-343\">\n\t\t\t\t\t\t<section class=\"elementor-section elementor-top-section elementor-element elementor-element-42d6a74c elementor-section-height-min-height elementor-section-content-middle elementor-section-boxed elementor-section-height-default elementor-section-items-middle\" data-id=\"42d6a74c\" data-element_type=\"section\" data-e-type=\"section\" data-settings=\"{&quot;background_background&quot;:&quot;classic&quot;}\">\n\t\t\t\t\t\t<div class=\"elementor-container elementor-column-gap-default\">\n\t\t\t\t\t<div class=\"elementor-column elementor-col-25 elementor-top-column elementor-element elementor-element-4333a90f\" data-id=\"4333a90f\" data-element_type=\"column\" data-e-type=\"column\">\n\t\t\t<div class=\"elementor-widget-wrap elementor-element-populated\">\n\t\t\t\t\t\t<div class=\"elementor-element elementor-element-5b7112f5 elementor-widget elementor-widget-image\" data-id=\"5b7112f5\" data-element_type=\"widget\" data-e-type=\"widget\" data-widget_type=\"image.default\">\n\t\t\t\t<div class=\"elementor-widget-container\">\n\t\t\t\t\t\t\t\t\t\t\t\t\t\t\t\t<a href=\"https:\/\/felixmark.de\/de\/\">\n\t\t\t\t\t\t\t<img decoding=\"async\" src=\"https:\/\/felixmark.de\/wp-content\/uploads\/2022\/01\/1-2.png\" title=\"1\" alt=\"1\" loading=\"lazy\" \/>\t\t\t\t\t\t\t\t<\/a>\n\t\t\t\t\t\t\t\t\t\t\t\t\t\t\t<\/div>\n\t\t\t\t<\/div>\n\t\t\t\t\t<\/div>\n\t\t<\/div>\n\t\t\t\t<div class=\"elementor-column elementor-col-50 elementor-top-column elementor-element elementor-element-5f6e5ed3\" data-id=\"5f6e5ed3\" data-element_type=\"column\" data-e-type=\"column\">\n\t\t\t<div class=\"elementor-widget-wrap elementor-element-populated\">\n\t\t\t\t\t\t\t<\/div>\n\t\t<\/div>\n\t\t\t\t<div class=\"elementor-column elementor-col-25 elementor-top-column elementor-element elementor-element-502c5965 elementor-hidden-tablet elementor-hidden-phone\" data-id=\"502c5965\" data-element_type=\"column\" data-e-type=\"column\">\n\t\t\t<div class=\"elementor-widget-wrap elementor-element-populated\">\n\t\t\t\t\t\t<div class=\"elementor-element elementor-element-10efd1bd elementor-align-right elementor-widget elementor-widget-button\" data-id=\"10efd1bd\" data-element_type=\"widget\" data-e-type=\"widget\" data-widget_type=\"button.default\">\n\t\t\t\t<div class=\"elementor-widget-container\">\n\t\t\t\t\t\t\t\t\t<div class=\"elementor-button-wrapper\">\n\t\t\t\t\t<a class=\"elementor-button elementor-button-link elementor-size-sm\" href=\"mailto:mail@felixmark.de\">\n\t\t\t\t\t\t<span class=\"elementor-button-content-wrapper\">\n\t\t\t\t\t\t<span class=\"elementor-button-icon\">\n\t\t\t\t<i aria-hidden=\"true\" class=\"fas fa-paper-plane\"><\/i>\t\t\t<\/span>\n\t\t\t\t\t\t\t\t\t<span class=\"elementor-button-text\">Let's Work<\/span>\n\t\t\t\t\t<\/span>\n\t\t\t\t\t<\/a>\n\t\t\t\t<\/div>\n\t\t\t\t\t\t\t\t<\/div>\n\t\t\t\t<\/div>\n\t\t\t\t\t<\/div>\n\t\t<\/div>\n\t\t\t\t\t<\/div>\n\t\t<\/section>\n\t\t\t\t<section class=\"elementor-section elementor-top-section elementor-element elementor-element-0131d2a elementor-section-boxed elementor-section-height-default elementor-section-height-default\" data-id=\"0131d2a\" data-element_type=\"section\" data-e-type=\"section\">\n\t\t\t\t\t\t<div class=\"elementor-container elementor-column-gap-default\">\n\t\t\t\t\t<div class=\"elementor-column elementor-col-100 elementor-top-column elementor-element elementor-element-d8fb689\" data-id=\"d8fb689\" data-element_type=\"column\" data-e-type=\"column\">\n\t\t\t<div class=\"elementor-widget-wrap elementor-element-populated\">\n\t\t\t\t\t\t<div class=\"elementor-element elementor-element-6cb36f6 elementor-widget elementor-widget-text-editor\" data-id=\"6cb36f6\" data-element_type=\"widget\" data-e-type=\"widget\" data-widget_type=\"text-editor.default\">\n\t\t\t\t<div class=\"elementor-widget-container\">\n\t\t\t\t\t\t\t\t\t<h1>Impressum<\/h1>\n<p>Felix Mark Online Marketing<\/p>\n<p>Kantstr. 66a<br>10627 Berlin<br>Tel: 017670769937<br><a href=\"mailto:mail@felixmark.de\">mail@felixmark.de<\/a><\/p>\n<p><strong>Vertreten durch:<\/strong><\/p>\n<p>Felix Mark<\/p>\n<h1>Disclaimer \u2013 rechtliche Hinweise<\/h1>\n<p><strong>Auskunfts- und Widerrufsrecht<\/strong><\/p>\n<p>Sie haben jederzeit das Recht, sich unentgeltlich und unverz\u00fcglich \u00fcber die zu Ihrer Person erhobenen Daten zu erkundigen. Ebenfalls k\u00f6nnen Sie Ihre Zustimmung zur Verwendung Ihrer angegebenen pers\u00f6nlichen Daten mit Wirkung f\u00fcr die Zukunft widerrufen. Hierf\u00fcr wenden Sie sich bitte an den im Impressum angegebenen Diensteanbieter.<\/p>\n<p><strong>Datenschutz (allgemein)<\/strong><\/p>\n<p>Beim Zugriff auf unsere Webseite werden automatisch allgemeine Informationen (sog. Server-Logfiles) erfasst. Diese beinhalten u.a. den von Ihnen verwendeten Webbrowser sowie Ihr Betriebssystem und Ihren Internet Service Provider. Diese Daten lassen keinerlei R\u00fcckschl\u00fcsse auf Ihre Person zu und werden von uns statistisch ausgewertet, um unseren Internetauftritt technisch und inhaltlich zu verbessern. Das Erfassen dieser Informationen ist notwendig, um den Inhalt der Webseite korrekt ausliefern zu k\u00f6nnen.<\/p>\n<p>Die Nutzung der Webseite ist grunds\u00e4tzlich ohne Angabe personenbezogener Daten m\u00f6glich. Soweit personenbezogene Daten (beispielsweise Name, Anschrift oder E-Mail-Adressen) erhoben werden, erfolgt dies, soweit m\u00f6glich, stets auf freiwilliger Basis. Diese Daten werden ohne Ihre ausdr\u00fcckliche Zustimmung nicht an Dritte weitergegeben.<\/p>\n<p>Sofern ein Vertragsverh\u00e4ltnis begr\u00fcndet, inhaltlich ausgestaltet oder ge\u00e4ndert werden soll oder Sie an uns eine Anfrage stellen, erheben und verwenden wir personenbezogene Daten von Ihnen, soweit dies zu diesem Zwecke erforderlich ist (Bestandsdaten). Wir erheben, verarbeiten und nutzen personenbezogene Daten soweit dies erforderlich ist, um Ihnen die Inanspruchnahme des Webangebots zu erm\u00f6glichen (Nutzungsdaten). S\u00e4mtliche personenbezogenen Daten werden nur solange gespeichert wie dies f\u00fcr den genannten Zweck (Bearbeitung Ihrer Anfrage oder Abwicklung eines Vertrags) erforderlich ist. Hierbei werden steuer- und handelsrechtliche Aufbewahrungsfristen von uns ber\u00fccksichtigt. Auf Anordnung der zust\u00e4ndigen Stellen m\u00fcssen wir im Einzelfall Auskunft \u00fcber diese Daten (Bestandsdaten) erteilen, soweit dies f\u00fcr Zwecke der Strafverfolgung, zur Gefahrenabwehr, zur Erf\u00fcllung der gesetzlichen Aufgaben der Verfassungsschutzbeh\u00f6rden oder des Milit\u00e4rischen Abschirmdienstes oder zur Durchsetzung der Rechte am geistigen Eigentum erforderlich ist.<\/p>\n<p>Wir weisen ausdr\u00fccklich darauf hin, dass die Daten\u00fcbertragung im Internet (z. B. bei der Kommunikation per E-Mail) Sicherheitsl\u00fccken aufweisen kann. Vor dem Zugriff auf Daten kann nicht l\u00fcckenlos gesch\u00fctzt werden.<\/p>\n<p>Die Nutzung von im Rahmen der Impressumspflicht ver\u00f6ffentlichten Kontaktdaten durch Dritte zur \u00dcbersendung von nicht ausdr\u00fccklich angeforderter Werbung und Informationsmaterialien wird hiermit ausdr\u00fccklich untersagt. Ausgenommen hiervon sind bestehende Gesch\u00e4ftsbeziehungen bzw. es liegt Ihnen eine entsprechende Einwilligung von uns vor.<\/p>\n<p>Die Anbieter und alle auf dieser Website genannten Dritten behalten sich ausdr\u00fccklich rechtliche Schritte im Falle der unverlangten Zusendung von Werbeinformationen vor. Gleiches gilt f\u00fcr die kommerzielle Verwendung und Weitergabe der Daten.<\/p>\n<p><strong>Datenschutz (Kommentarfunktion)<\/strong><\/p>\n<p>Im Rahmen der Kommentarfunktion unseres Blogs erheben wir personenbezogene Daten (z. B. Name, E-Mail) im Rahmen Ihrer Kommentierung zu einem Beitrag nur in dem Umfang wie Sie ihn uns mitgeteilt haben. Bei der Ver\u00f6ffentlichung eines Kommentars wird die von Ihnen angegebene Email-Adresse gespeichert, aber nicht ver\u00f6ffentlicht. Ihr angegebener Name wird ver\u00f6ffentlich. Sie k\u00f6nnen auch ein Pseudonym benutzen.<\/p>\n<p><strong>Google Analytics<\/strong><\/p>\n<p>Diese Website benutzt Google Analytics, einen Webanalysedienst der Google Inc. (\u201cGoogle\u201d), 1600 Amphitheatre Parkway, Mountain View, CA 94043, USA. Google Analytics verwendet sog. \u201cCookies\u201d (Textdateien), die auf Ihrem Computer gespeichert werden und die eine Analyse der Benutzung der Website durch Sie erm\u00f6glichen. Die durch das Cookie erzeugten Informationen \u00fcber Ihre Benutzung dieser Website werden in der Regel an einen Server von Google in den USA \u00fcbertragen und dort gespeichert. Im Falle der Aktivierung der IP-Anonymisierung auf dieser Website, wird Ihre IP-Adresse von Google jedoch innerhalb von Mitgliedstaaten der Europ\u00e4ischen Union oder in anderen Vertragsstaaten des Abkommens \u00fcber den Europ\u00e4ischen Wirtschaftsraum zuvor gek\u00fcrzt. Nur in Ausnahmef\u00e4llen wird die vollst\u00e4ndige IP-Adresse an einen Server von Google in den USA \u00fcbertragen und dort anonymisiert. Im Auftrag des Betreibers dieser Website wird Google diese Informationen benutzen, um Ihre Nutzung der Website auszuwerten, um Reports \u00fcber die Websiteaktivit\u00e4ten zusammenzustellen und um weitere mit der Websitenutzung und der Internetnutzung verbundene Dienstleistungen gegen\u00fcber dem Websitebetreiber zu erbringen. Die im Rahmen von Google Analytics von Ihrem Browser \u00fcbermittelte IP-Adresse wird nicht mit anderen Daten von Google zusammengef\u00fchrt.<\/p>\n<p>Sie k\u00f6nnen die Speicherung der Cookies durch eine entsprechende Einstellung Ihrer Browser-Software verhindern; wir weisen Sie jedoch darauf hin, dass Sie in diesem Fall gegebenenfalls nicht s\u00e4mtliche Funktionen dieser Website vollumf\u00e4nglich nutzen k\u00f6nnen. Sie k\u00f6nnen dar\u00fcber hinaus die Erfassung der durch das Cookie erzeugten und auf Ihre Nutzung der Website bezogenen Daten (inkl. Ihrer IP-Adresse) an Google sowie die Verarbeitung dieser Daten durch Google verhindern, indem sie das unter dem folgenden Link verf\u00fcgbare Browser-Add-on herunterladen und installieren:&nbsp;<a href=\"http:\/\/tools.google.com\/dlpage\/gaoptout?hl=de\" target=\"_blank\" rel=\"noopener\">http:\/\/tools.google.com\/dlpage\/gaoptout?hl=de<\/a>. Das Browser-Add-on zur Deaktivierung von Google Analytics ist mit Chrome, Internet Explorer 8 bis 11, Safari, Firefox und Opera kompatibel.<\/p>\n<p>Weitere Informationen zu Nutzungsbedingungen und Datenschutz finden Sie unter folgenden Links:&nbsp;<a href=\"http:\/\/www.google.com\/analytics\/terms\/de.html\" target=\"_blank\" rel=\"noopener\">http:\/\/www.google.com\/analytics\/terms\/de.html<\/a>&nbsp;und&nbsp;<a href=\"https:\/\/www.google.de\/intl\/de\/policies\/\" target=\"_blank\" rel=\"noopener\">https:\/\/www.google.de\/intl\/de\/policies\/<\/a>.<\/p>\n<p><strong>Disclaimer (Haftungsausschluss)<\/strong><\/p>\n<p><strong>1. Haftung f\u00fcr Inhalte<\/strong><\/p>\n<p>Als Diensteanbieter sind wir gem\u00e4\u00df \u00a7 7 Abs. 1 TMG f\u00fcr eigene Inhalte auf diesen Seiten nach den allgemeinen Gesetzen verantwortlich. Nach \u00a7\u00a7 8 bis 10 TMG sind wir als Diensteanbieter jedoch nicht verpflichtet, \u00fcbermittelte oder gespeicherte fremde Informationen zu \u00fcberwachen oder nach Umst\u00e4nden zu forschen, die auf eine rechtswidrige T\u00e4tigkeit hinweisen. Verpflichtungen zur Entfernung oder Sperrung der Nutzung von Informationen nach den allgemeinen Gesetzen bleiben hiervon unber\u00fchrt. Eine diesbez\u00fcgliche Haftung ist jedoch erst ab dem Zeitpunkt der Kenntnis einer konkreten Rechtsverletzung m\u00f6glich. Bei Bekanntwerden von entsprechenden Rechtsverletzungen werden wir diese Inhalte umgehend entfernen.<\/p>\n<p><strong>2. Haftung f\u00fcr Links<\/strong><\/p>\n<p>Diese Website enth\u00e4lt Links zu externen Webseiten Dritter, auf deren Inhalte kein Einfluss genommen werden kann. Deshalb kann f\u00fcr diese fremden Inhalte auch keine Gew\u00e4hr \u00fcbernommen werden. F\u00fcr die Inhalte der verlinkten Seiten ist stets der jeweilige Anbieter oder Betreiber der Seiten verantwortlich. Die verlinkten Seiten wurden zum Zeitpunkt der Verlinkung auf m\u00f6gliche Rechtsverst\u00f6\u00dfe \u00fcberpr\u00fcft. Rechtswidrige Inhalte waren zum Zeitpunkt der Verlinkung nicht erkennbar. Eine permanente inhaltliche Kontrolle der verlinkten Seiten ist jedoch ohne konkrete Anhaltspunkte einer Rechtsverletzung nicht zumutbar. Bei Bekanntwerden von Rechtsverletzungen werden derartige Links umgehend von dieser Website auf die rechtsverletzende Site entfernen.<\/p>\n<p><strong>3. Urheberrecht<\/strong><\/p>\n<p>Die durch die Diensteanbieter, deren Mitarbeiter und beauftragte Dritte erstellten Inhalte und Werke auf diesen Seiten unterliegen dem deutschen Urheberrecht. Die Vervielf\u00e4ltigung, Bearbeitung, Verbreitung und jede Art der Verwertung au\u00dferhalb der Grenzen des Urheberrechtes bed\u00fcrfen der vorherigen schriftlichen Zustimmung des jeweiligen Autors bzw. Erstellers. Downloads und Kopien dieser Seite sind nur f\u00fcr den privaten, nicht kommerziellen Gebrauch gestattet. Soweit die Inhalte auf dieser Seite nicht vom Betreiber erstellt wurden, werden die Urheberrechte Dritter beachtet. Insbesondere werden Inhalte Dritter als solche gekennzeichnet. Sollten Sie trotzdem auf eine Urheberrechtsverletzung aufmerksam werden, bitten wir um einen entsprechenden Hinweis. Bei Bekanntwerden von Rechtsverletzungen werden derartige Inhalte umgehend entfernen.<\/p>\t\t\t\t\t\t\t\t<\/div>\n\t\t\t\t<\/div>\n\t\t\t\t\t<\/div>\n\t\t<\/div>\n\t\t\t\t\t<\/div>\n\t\t<\/section>\n\t\t\t\t<\/div>","protected":false},"excerpt":{"rendered":"<p>Let&#8217;s Work Impressum Felix Mark Online Marketing Kantstr. 66a10627 BerlinTel: 017670769937mail@felixmark.de Vertreten durch: Felix Mark Disclaimer \u2013 rechtliche Hinweise Auskunfts- und Widerrufsrecht Sie haben jederzeit das Recht, sich unentgeltlich und unverz\u00fcglich \u00fcber die zu Ihrer Person erhobenen Daten zu erkundigen. Ebenfalls k\u00f6nnen Sie Ihre Zustimmung zur Verwendung Ihrer angegebenen pers\u00f6nlichen Daten mit Wirkung f\u00fcr die [&hellip;]<\/p>\n","protected":false},"author":1,"featured_media":0,"parent":0,"menu_order":0,"comment_status":"closed","ping_status":"closed","template":"elementor_canvas","meta":{"footnotes":""},"class_list":["post-343","page","type-page","status-publish","hentry"],"yoast_head":"<!-- This site is optimized with the Yoast SEO plugin v27.5 - https:\/\/yoast.com\/product\/yoast-seo-wordpress\/ -->\n<title>Impressum - Felix Mark<\/title>\n<meta name=\"robots\" content=\"index, follow, max-snippet:-1, max-image-preview:large, max-video-preview:-1\" \/>\n<link rel=\"canonical\" href=\"https:\/\/felixmark.de\/de\/imprint\/\" \/>\n<meta property=\"og:locale\" content=\"de_DE\" \/>\n<meta property=\"og:type\" content=\"article\" \/>\n<meta property=\"og:title\" content=\"Impressum - Felix Mark\" \/>\n<meta property=\"og:description\" content=\"Let&#8217;s Work Impressum Felix Mark Online Marketing Kantstr. 66a10627 BerlinTel: 017670769937mail@felixmark.de Vertreten durch: Felix Mark Disclaimer \u2013 rechtliche Hinweise Auskunfts- und Widerrufsrecht Sie haben jederzeit das Recht, sich unentgeltlich und unverz\u00fcglich \u00fcber die zu Ihrer Person erhobenen Daten zu erkundigen. Ebenfalls k\u00f6nnen Sie Ihre Zustimmung zur Verwendung Ihrer angegebenen pers\u00f6nlichen Daten mit Wirkung f\u00fcr die [&hellip;]\" \/>\n<meta property=\"og:url\" content=\"https:\/\/felixmark.de\/de\/imprint\/\" \/>\n<meta property=\"og:site_name\" content=\"Felix Mark\" \/>\n<meta property=\"article:modified_time\" content=\"2022-08-04T12:38:35+00:00\" \/>\n<meta property=\"og:image\" content=\"http:\/\/felixmark.de\/wp-content\/uploads\/elementor\/thumbs\/1-2-pim35jxnhwsnom7upvsvmad6pvwhcwhww3kav493cq.png\" \/>\n<meta name=\"twitter:card\" content=\"summary_large_image\" \/>\n<meta name=\"twitter:label1\" content=\"Gesch\u00e4tzte Lesezeit\" \/>\n\t<meta name=\"twitter:data1\" content=\"7\u00a0Minuten\" \/>\n<script type=\"application\/ld+json\" class=\"yoast-schema-graph\">{\"@context\":\"https:\\\/\\\/schema.org\",\"@graph\":[{\"@type\":\"WebPage\",\"@id\":\"https:\\\/\\\/felixmark.de\\\/imprint\\\/\",\"url\":\"https:\\\/\\\/felixmark.de\\\/imprint\\\/\",\"name\":\"Impressum - Felix Mark\",\"isPartOf\":{\"@id\":\"https:\\\/\\\/felixmark.de\\\/#website\"},\"primaryImageOfPage\":{\"@id\":\"https:\\\/\\\/felixmark.de\\\/imprint\\\/#primaryimage\"},\"image\":{\"@id\":\"https:\\\/\\\/felixmark.de\\\/imprint\\\/#primaryimage\"},\"thumbnailUrl\":\"http:\\\/\\\/felixmark.de\\\/wp-content\\\/uploads\\\/elementor\\\/thumbs\\\/1-2-pim35jxnhwsnom7upvsvmad6pvwhcwhww3kav493cq.png\",\"datePublished\":\"2022-01-06T11:56:41+00:00\",\"dateModified\":\"2022-08-04T12:38:35+00:00\",\"breadcrumb\":{\"@id\":\"https:\\\/\\\/felixmark.de\\\/imprint\\\/#breadcrumb\"},\"inLanguage\":\"de\",\"potentialAction\":[{\"@type\":\"ReadAction\",\"target\":[\"https:\\\/\\\/felixmark.de\\\/imprint\\\/\"]}]},{\"@type\":\"ImageObject\",\"inLanguage\":\"de\",\"@id\":\"https:\\\/\\\/felixmark.de\\\/imprint\\\/#primaryimage\",\"url\":\"http:\\\/\\\/felixmark.de\\\/wp-content\\\/uploads\\\/elementor\\\/thumbs\\\/1-2-pim35jxnhwsnom7upvsvmad6pvwhcwhww3kav493cq.png\",\"contentUrl\":\"http:\\\/\\\/felixmark.de\\\/wp-content\\\/uploads\\\/elementor\\\/thumbs\\\/1-2-pim35jxnhwsnom7upvsvmad6pvwhcwhww3kav493cq.png\"},{\"@type\":\"BreadcrumbList\",\"@id\":\"https:\\\/\\\/felixmark.de\\\/imprint\\\/#breadcrumb\",\"itemListElement\":[{\"@type\":\"ListItem\",\"position\":1,\"name\":\"Startseite\",\"item\":\"https:\\\/\\\/felixmark.de\\\/\"},{\"@type\":\"ListItem\",\"position\":2,\"name\":\"Impressum\"}]},{\"@type\":\"WebSite\",\"@id\":\"https:\\\/\\\/felixmark.de\\\/#website\",\"url\":\"https:\\\/\\\/felixmark.de\\\/\",\"name\":\"Felix Mark\",\"description\":\"\",\"publisher\":{\"@id\":\"https:\\\/\\\/felixmark.de\\\/#organization\"},\"potentialAction\":[{\"@type\":\"SearchAction\",\"target\":{\"@type\":\"EntryPoint\",\"urlTemplate\":\"https:\\\/\\\/felixmark.de\\\/?s={search_term_string}\"},\"query-input\":{\"@type\":\"PropertyValueSpecification\",\"valueRequired\":true,\"valueName\":\"search_term_string\"}}],\"inLanguage\":\"de\"},{\"@type\":\"Organization\",\"@id\":\"https:\\\/\\\/felixmark.de\\\/#organization\",\"name\":\"Felix Mark\",\"url\":\"https:\\\/\\\/felixmark.de\\\/\",\"logo\":{\"@type\":\"ImageObject\",\"inLanguage\":\"de\",\"@id\":\"https:\\\/\\\/felixmark.de\\\/#\\\/schema\\\/logo\\\/image\\\/\",\"url\":\"https:\\\/\\\/felixmark.de\\\/wp-content\\\/uploads\\\/2022\\\/01\\\/cropped-2-2.png\",\"contentUrl\":\"https:\\\/\\\/felixmark.de\\\/wp-content\\\/uploads\\\/2022\\\/01\\\/cropped-2-2.png\",\"width\":50,\"height\":14,\"caption\":\"Felix Mark\"},\"image\":{\"@id\":\"https:\\\/\\\/felixmark.de\\\/#\\\/schema\\\/logo\\\/image\\\/\"}}]}<\/script>\n<!-- \/ Yoast SEO plugin. -->","yoast_head_json":{"title":"Impressum - Felix Mark","robots":{"index":"index","follow":"follow","max-snippet":"max-snippet:-1","max-image-preview":"max-image-preview:large","max-video-preview":"max-video-preview:-1"},"canonical":"https:\/\/felixmark.de\/de\/imprint\/","og_locale":"de_DE","og_type":"article","og_title":"Impressum - Felix Mark","og_description":"Let&#8217;s Work Impressum Felix Mark Online Marketing Kantstr. 66a10627 BerlinTel: 017670769937mail@felixmark.de Vertreten durch: Felix Mark Disclaimer \u2013 rechtliche Hinweise Auskunfts- und Widerrufsrecht Sie haben jederzeit das Recht, sich unentgeltlich und unverz\u00fcglich \u00fcber die zu Ihrer Person erhobenen Daten zu erkundigen. Ebenfalls k\u00f6nnen Sie Ihre Zustimmung zur Verwendung Ihrer angegebenen pers\u00f6nlichen Daten mit Wirkung f\u00fcr die [&hellip;]","og_url":"https:\/\/felixmark.de\/de\/imprint\/","og_site_name":"Felix Mark","article_modified_time":"2022-08-04T12:38:35+00:00","og_image":[{"url":"http:\/\/felixmark.de\/wp-content\/uploads\/elementor\/thumbs\/1-2-pim35jxnhwsnom7upvsvmad6pvwhcwhww3kav493cq.png","type":"","width":"","height":""}],"twitter_card":"summary_large_image","twitter_misc":{"Gesch\u00e4tzte Lesezeit":"7\u00a0Minuten"},"schema":{"@context":"https:\/\/schema.org","@graph":[{"@type":"WebPage","@id":"https:\/\/felixmark.de\/imprint\/","url":"https:\/\/felixmark.de\/imprint\/","name":"Impressum - Felix Mark","isPartOf":{"@id":"https:\/\/felixmark.de\/#website"},"primaryImageOfPage":{"@id":"https:\/\/felixmark.de\/imprint\/#primaryimage"},"image":{"@id":"https:\/\/felixmark.de\/imprint\/#primaryimage"},"thumbnailUrl":"http:\/\/felixmark.de\/wp-content\/uploads\/elementor\/thumbs\/1-2-pim35jxnhwsnom7upvsvmad6pvwhcwhww3kav493cq.png","datePublished":"2022-01-06T11:56:41+00:00","dateModified":"2022-08-04T12:38:35+00:00","breadcrumb":{"@id":"https:\/\/felixmark.de\/imprint\/#breadcrumb"},"inLanguage":"de","potentialAction":[{"@type":"ReadAction","target":["https:\/\/felixmark.de\/imprint\/"]}]},{"@type":"ImageObject","inLanguage":"de","@id":"https:\/\/felixmark.de\/imprint\/#primaryimage","url":"http:\/\/felixmark.de\/wp-content\/uploads\/elementor\/thumbs\/1-2-pim35jxnhwsnom7upvsvmad6pvwhcwhww3kav493cq.png","contentUrl":"http:\/\/felixmark.de\/wp-content\/uploads\/elementor\/thumbs\/1-2-pim35jxnhwsnom7upvsvmad6pvwhcwhww3kav493cq.png"},{"@type":"BreadcrumbList","@id":"https:\/\/felixmark.de\/imprint\/#breadcrumb","itemListElement":[{"@type":"ListItem","position":1,"name":"Startseite","item":"https:\/\/felixmark.de\/"},{"@type":"ListItem","position":2,"name":"Impressum"}]},{"@type":"WebSite","@id":"https:\/\/felixmark.de\/#website","url":"https:\/\/felixmark.de\/","name":"Felix Mark","description":"","publisher":{"@id":"https:\/\/felixmark.de\/#organization"},"potentialAction":[{"@type":"SearchAction","target":{"@type":"EntryPoint","urlTemplate":"https:\/\/felixmark.de\/?s={search_term_string}"},"query-input":{"@type":"PropertyValueSpecification","valueRequired":true,"valueName":"search_term_string"}}],"inLanguage":"de"},{"@type":"Organization","@id":"https:\/\/felixmark.de\/#organization","name":"Felix Mark","url":"https:\/\/felixmark.de\/","logo":{"@type":"ImageObject","inLanguage":"de","@id":"https:\/\/felixmark.de\/#\/schema\/logo\/image\/","url":"https:\/\/felixmark.de\/wp-content\/uploads\/2022\/01\/cropped-2-2.png","contentUrl":"https:\/\/felixmark.de\/wp-content\/uploads\/2022\/01\/cropped-2-2.png","width":50,"height":14,"caption":"Felix Mark"},"image":{"@id":"https:\/\/felixmark.de\/#\/schema\/logo\/image\/"}}]}},"_links":{"self":[{"href":"https:\/\/felixmark.de\/de\/wp-json\/wp\/v2\/pages\/343","targetHints":{"allow":["GET"]}}],"collection":[{"href":"https:\/\/felixmark.de\/de\/wp-json\/wp\/v2\/pages"}],"about":[{"href":"https:\/\/felixmark.de\/de\/wp-json\/wp\/v2\/types\/page"}],"author":[{"embeddable":true,"href":"https:\/\/felixmark.de\/de\/wp-json\/wp\/v2\/users\/1"}],"replies":[{"embeddable":true,"href":"https:\/\/felixmark.de\/de\/wp-json\/wp\/v2\/comments?post=343"}],"version-history":[{"count":15,"href":"https:\/\/felixmark.de\/de\/wp-json\/wp\/v2\/pages\/343\/revisions"}],"predecessor-version":[{"id":503,"href":"https:\/\/felixmark.de\/de\/wp-json\/wp\/v2\/pages\/343\/revisions\/503"}],"wp:attachment":[{"href":"https:\/\/felixmark.de\/de\/wp-json\/wp\/v2\/media?parent=343"}],"curies":[{"name":"wp","href":"https:\/\/api.w.org\/{rel}","templated":true}]}}